{"id":1696,"date":"2019-11-12T15:36:43","date_gmt":"2019-11-12T15:36:43","guid":{"rendered":"https:\/\/www.tarantana.com\/grups\/"},"modified":"2026-01-21T12:57:17","modified_gmt":"2026-01-21T12:57:17","slug":"grups","status":"publish","type":"page","link":"https:\/\/www.tarantana.com\/es\/grups\/","title":{"rendered":"MENUS GRUPOS"},"content":{"rendered":"\t\t<div data-elementor-type=\"wp-page\" data-elementor-id=\"1696\" class=\"elementor elementor-1696 elementor-667\" data-elementor-post-type=\"page\">\n\t\t\t\t\t\t<section class=\"elementor-section elementor-top-section elementor-element elementor-element-5365d09 elementor-section-content-middle elementor-section-boxed elementor-section-height-default elementor-section-height-default\" data-id=\"5365d09\" data-element_type=\"section\" data-e-type=\"section\">\n\t\t\t\t\t\t<div class=\"elementor-container elementor-column-gap-no\">\n\t\t\t\t\t<div class=\"elementor-column elementor-col-100 elementor-top-column elementor-element elementor-element-a792dae\" data-id=\"a792dae\" data-element_type=\"column\" data-e-type=\"column\">\n\t\t\t<div class=\"elementor-widget-wrap elementor-element-populated\">\n\t\t\t\t\t\t<div class=\"elementor-element elementor-element-85a8209 elementor-widget elementor-widget-heading\" data-id=\"85a8209\" data-element_type=\"widget\" data-e-type=\"widget\" data-widget_type=\"heading.default\">\n\t\t\t\t<div class=\"elementor-widget-container\">\n\t\t\t\t\t<h4 class=\"elementor-heading-title elementor-size-xl\">MENUS DE GRUPOS<\/h4>\t\t\t\t<\/div>\n\t\t\t\t<\/div>\n\t\t\t\t<div class=\"elementor-element elementor-element-fe0f7c9 elementor-widget__width-initial elementor-widget-tablet__width-initial elementor-widget-mobile__width-initial elementor-absolute elementor-widget elementor-widget-heading\" data-id=\"fe0f7c9\" data-element_type=\"widget\" data-e-type=\"widget\" data-settings=\"{&quot;_position&quot;:&quot;absolute&quot;}\" data-widget_type=\"heading.default\">\n\t\t\t\t<div class=\"elementor-widget-container\">\n\t\t\t\t\t<h4 class=\"elementor-heading-title elementor-size-medium\">MENUS DISPONIBLES PARA LA MESA CUMPLIDA A PARTIR DE 8 COMENSALES. HAY QUE ESCOGER LOS PLATOS CON DOS D\u00cdAS DE ANTELACI\u00d3N.<\/h4>\t\t\t\t<\/div>\n\t\t\t\t<\/div>\n\t\t\t\t<section class=\"elementor-section elementor-inner-section elementor-element elementor-element-833ce0b elementor-section-content-middle elementor-section-boxed elementor-section-height-default elementor-section-height-default\" data-id=\"833ce0b\" data-element_type=\"section\" data-e-type=\"section\" data-settings=\"{&quot;motion_fx_motion_fx_scrolling&quot;:&quot;yes&quot;,&quot;motion_fx_translateY_effect&quot;:&quot;yes&quot;,&quot;motion_fx_translateY_speed&quot;:{&quot;unit&quot;:&quot;px&quot;,&quot;size&quot;:1,&quot;sizes&quot;:[]},&quot;motion_fx_translateY_affectedRange&quot;:{&quot;unit&quot;:&quot;%&quot;,&quot;size&quot;:&quot;&quot;,&quot;sizes&quot;:{&quot;start&quot;:0,&quot;end&quot;:100}},&quot;motion_fx_devices&quot;:[&quot;desktop&quot;,&quot;tablet&quot;,&quot;mobile&quot;]}\">\n\t\t\t\t\t\t<div class=\"elementor-container elementor-column-gap-narrow\">\n\t\t\t\t\t<div class=\"elementor-column elementor-col-33 elementor-inner-column elementor-element elementor-element-a928b43\" data-id=\"a928b43\" data-element_type=\"column\" data-e-type=\"column\" data-settings=\"{&quot;background_background&quot;:&quot;classic&quot;,&quot;motion_fx_motion_fx_scrolling&quot;:&quot;yes&quot;,&quot;motion_fx_devices&quot;:[&quot;desktop&quot;,&quot;tablet&quot;,&quot;mobile&quot;]}\">\n\t\t\t<div class=\"elementor-widget-wrap elementor-element-populated\">\n\t\t\t\t\t\t<div class=\"elementor-element elementor-element-adc5fb9 elementor-widget elementor-widget-image-box\" data-id=\"adc5fb9\" data-element_type=\"widget\" data-e-type=\"widget\" data-widget_type=\"image-box.default\">\n\t\t\t\t<div class=\"elementor-widget-container\">\n\t\t\t\t\t<div class=\"elementor-image-box-wrapper\"><div class=\"elementor-image-box-content\"><h3 class=\"elementor-image-box-title\"><a href=\"https:\/\/www.tarantana.com\/pdf\/GRUPS%201.pdf\">MENU 1<\/a><\/h3><\/div><\/div>\t\t\t\t<\/div>\n\t\t\t\t<\/div>\n\t\t\t\t\t<\/div>\n\t\t<\/div>\n\t\t\t\t<div class=\"elementor-column elementor-col-33 elementor-inner-column elementor-element elementor-element-bf8e188\" data-id=\"bf8e188\" data-element_type=\"column\" data-e-type=\"column\" data-settings=\"{&quot;background_background&quot;:&quot;classic&quot;}\">\n\t\t\t<div class=\"elementor-widget-wrap elementor-element-populated\">\n\t\t\t\t\t\t<div class=\"elementor-element elementor-element-8242005 elementor-widget elementor-widget-image-box\" data-id=\"8242005\" data-element_type=\"widget\" data-e-type=\"widget\" data-widget_type=\"image-box.default\">\n\t\t\t\t<div class=\"elementor-widget-container\">\n\t\t\t\t\t<div class=\"elementor-image-box-wrapper\"><div class=\"elementor-image-box-content\"><h3 class=\"elementor-image-box-title\"><a href=\"https:\/\/www.tarantana.com\/pdf\/GRUPS%202%20.pdf\">MENU 2<\/a><\/h3><\/div><\/div>\t\t\t\t<\/div>\n\t\t\t\t<\/div>\n\t\t\t\t\t<\/div>\n\t\t<\/div>\n\t\t\t\t<div class=\"elementor-column elementor-col-33 elementor-inner-column elementor-element elementor-element-b700dd1\" data-id=\"b700dd1\" data-element_type=\"column\" data-e-type=\"column\" data-settings=\"{&quot;background_background&quot;:&quot;classic&quot;,&quot;motion_fx_motion_fx_scrolling&quot;:&quot;yes&quot;,&quot;motion_fx_devices&quot;:[&quot;desktop&quot;,&quot;tablet&quot;,&quot;mobile&quot;]}\">\n\t\t\t<div class=\"elementor-widget-wrap elementor-element-populated\">\n\t\t\t\t\t\t<div class=\"elementor-element elementor-element-effbca3 elementor-widget elementor-widget-image-box\" data-id=\"effbca3\" data-element_type=\"widget\" data-e-type=\"widget\" data-widget_type=\"image-box.default\">\n\t\t\t\t<div class=\"elementor-widget-container\">\n\t\t\t\t\t<div class=\"elementor-image-box-wrapper\"><div class=\"elementor-image-box-content\"><h3 class=\"elementor-image-box-title\"><a href=\"https:\/\/www.tarantana.com\/pdf\/GRUPS%203%20.pdf\">MENU 3<\/a><\/h3><p class=\"elementor-image-box-description\"> <\/p><\/div><\/div>\t\t\t\t<\/div>\n\t\t\t\t<\/div>\n\t\t\t\t\t<\/div>\n\t\t<\/div>\n\t\t\t\t\t<\/div>\n\t\t<\/section>\n\t\t\t\t<section class=\"elementor-section elementor-inner-section elementor-element elementor-element-c5d6b24 elementor-section-content-middle elementor-section-boxed elementor-section-height-default elementor-section-height-default\" data-id=\"c5d6b24\" data-element_type=\"section\" data-e-type=\"section\" data-settings=\"{&quot;motion_fx_motion_fx_scrolling&quot;:&quot;yes&quot;,&quot;motion_fx_translateY_effect&quot;:&quot;yes&quot;,&quot;motion_fx_translateY_speed&quot;:{&quot;unit&quot;:&quot;px&quot;,&quot;size&quot;:1,&quot;sizes&quot;:[]},&quot;motion_fx_translateY_affectedRange&quot;:{&quot;unit&quot;:&quot;%&quot;,&quot;size&quot;:&quot;&quot;,&quot;sizes&quot;:{&quot;start&quot;:0,&quot;end&quot;:100}},&quot;motion_fx_devices&quot;:[&quot;desktop&quot;,&quot;tablet&quot;,&quot;mobile&quot;]}\">\n\t\t\t\t\t\t<div class=\"elementor-container elementor-column-gap-narrow\">\n\t\t\t\t\t<div class=\"elementor-column elementor-col-100 elementor-inner-column elementor-element elementor-element-8e73c46\" data-id=\"8e73c46\" data-element_type=\"column\" data-e-type=\"column\" data-settings=\"{&quot;background_background&quot;:&quot;classic&quot;}\">\n\t\t\t<div class=\"elementor-widget-wrap elementor-element-populated\">\n\t\t\t\t\t\t<div class=\"elementor-element elementor-element-6a94f98 elementor-widget elementor-widget-image-box\" data-id=\"6a94f98\" data-element_type=\"widget\" data-e-type=\"widget\" data-widget_type=\"image-box.default\">\n\t\t\t\t<div class=\"elementor-widget-container\">\n\t\t\t\t\t<div class=\"elementor-image-box-wrapper\"><div class=\"elementor-image-box-content\"><h3 class=\"elementor-image-box-title\"><a href=\"https:\/\/www.tarantana.com\/pdf\/CARTA%20PASTISSOS%202026.pdf\">CARTA DE TARTAS<\/a><\/h3><p class=\"elementor-image-box-description\">En caso de llevar pastel se cobrar\u00e1 1,5\u20ac extra para cada comensal y deber\u00e1 firmarse el documento que exime al restaurante de responsabilidad ante una posible intoxicaci\u00f3n alimentaria.<\/p><\/div><\/div>\t\t\t\t<\/div>\n\t\t\t\t<\/div>\n\t\t\t\t\t<\/div>\n\t\t<\/div>\n\t\t\t\t\t<\/div>\n\t\t<\/section>\n\t\t\t\t\t<\/div>\n\t\t<\/div>\n\t\t\t\t\t<\/div>\n\t\t<\/section>\n\t\t\t\t<section class=\"elementor-section elementor-top-section elementor-element elementor-element-6edc7a7 elementor-section-boxed elementor-section-height-default elementor-section-height-default\" data-id=\"6edc7a7\" data-element_type=\"section\" data-e-type=\"section\">\n\t\t\t\t\t\t<div class=\"elementor-container elementor-column-gap-default\">\n\t\t\t\t\t<div class=\"elementor-column elementor-col-100 elementor-top-column elementor-element elementor-element-0297dc7\" data-id=\"0297dc7\" data-element_type=\"column\" data-e-type=\"column\">\n\t\t\t<div class=\"elementor-widget-wrap elementor-element-populated\">\n\t\t\t\t\t\t<div class=\"elementor-element elementor-element-aa48912 elementor-widget elementor-widget-image\" data-id=\"aa48912\" data-element_type=\"widget\" data-e-type=\"widget\" data-settings=\"{&quot;motion_fx_motion_fx_scrolling&quot;:&quot;yes&quot;,&quot;motion_fx_translateY_effect&quot;:&quot;yes&quot;,&quot;motion_fx_translateY_speed&quot;:{&quot;unit&quot;:&quot;px&quot;,&quot;size&quot;:1,&quot;sizes&quot;:[]},&quot;motion_fx_translateY_affectedRange&quot;:{&quot;unit&quot;:&quot;%&quot;,&quot;size&quot;:&quot;&quot;,&quot;sizes&quot;:{&quot;start&quot;:0,&quot;end&quot;:100}},&quot;motion_fx_devices&quot;:[&quot;desktop&quot;,&quot;tablet&quot;,&quot;mobile&quot;]}\" data-widget_type=\"image.default\">\n\t\t\t\t<div class=\"elementor-widget-container\">\n\t\t\t\t\t\t\t\t\t\t\t\t\t\t\t<img decoding=\"async\" src=\"https:\/\/www.tarantana.com\/wp-content\/uploads\/2019\/11\/foto-plats-malaxica.jpg\" title=\"\" alt=\"\" loading=\"lazy\" \/>\t\t\t\t\t\t\t\t\t\t\t\t\t\t\t<\/div>\n\t\t\t\t<\/div>\n\t\t\t\t\t<\/div>\n\t\t<\/div>\n\t\t\t\t\t<\/div>\n\t\t<\/section>\n\t\t\t\t<\/div>\n\t\t","protected":false},"excerpt":{"rendered":"<p>MENUS DE GRUPOS MENUS DISPONIBLES PARA LA MESA CUMPLIDA A PARTIR DE 8 COMENSALES. HAY QUE ESCOGER LOS PLATOS CON DOS D\u00cdAS DE ANTELACI\u00d3N. MENU 1 MENU 2 MENU 3 CARTA DE TARTAS En caso de llevar pastel se cobrar\u00e1 1,5\u20ac extra para cada comensal y deber\u00e1 firmarse el documento que exime al restaurante de [&hellip;]<\/p>\n","protected":false},"author":2,"featured_media":0,"parent":0,"menu_order":0,"comment_status":"closed","ping_status":"closed","template":"","meta":{"site-sidebar-layout":"no-sidebar","site-content-layout":"page-builder","ast-site-content-layout":"default","site-content-style":"default","site-sidebar-style":"default","ast-global-header-display":"","ast-banner-title-visibility":"","ast-main-header-display":"","ast-hfb-above-header-display":"","ast-hfb-below-header-display":"","ast-hfb-mobile-header-display":"","site-post-title":"disabled","ast-breadcrumbs-content":"","ast-featured-img":"disabled","footer-sml-layout":"","ast-disable-related-posts":"","theme-transparent-header-meta":"disabled","adv-header-id-meta":null,"stick-header-meta":"default","header-above-stick-meta":null,"header-main-stick-meta":"","header-below-stick-meta":null,"astra-migrate-meta-layouts":"default","ast-page-background-enabled":"default","ast-page-background-meta":{"desktop":{"background-color":"","background-image":"","background-repeat":"repeat","background-position":"center center","background-size":"auto","background-attachment":"scroll","background-type":"","background-media":"","overlay-type":"","overlay-color":"","overlay-opacity":"","overlay-gradient":""},"tablet":{"background-color":"","background-image":"","background-repeat":"repeat","background-position":"center center","background-size":"auto","background-attachment":"scroll","background-type":"","background-media":"","overlay-type":"","overlay-color":"","overlay-opacity":"","overlay-gradient":""},"mobile":{"background-color":"","background-image":"","background-repeat":"repeat","background-position":"center center","background-size":"auto","background-attachment":"scroll","background-type":"","background-media":"","overlay-type":"","overlay-color":"","overlay-opacity":"","overlay-gradient":""}},"ast-content-background-meta":{"desktop":{"background-color":"var(--ast-global-color-5)","background-image":"","background-repeat":"repeat","background-position":"center center","background-size":"auto","background-attachment":"scroll","background-type":"","background-media":"","overlay-type":"","overlay-color":"","overlay-opacity":"","overlay-gradient":""},"tablet":{"background-color":"var(--ast-global-color-5)","background-image":"","background-repeat":"repeat","background-position":"center center","background-size":"auto","background-attachment":"scroll","background-type":"","background-media":"","overlay-type":"","overlay-color":"","overlay-opacity":"","overlay-gradient":""},"mobile":{"background-color":"var(--ast-global-color-5)","background-image":"","background-repeat":"repeat","background-position":"center center","background-size":"auto","background-attachment":"scroll","background-type":"","background-media":"","overlay-type":"","overlay-color":"","overlay-opacity":"","overlay-gradient":""}},"footnotes":""},"class_list":["post-1696","page","type-page","status-publish","hentry"],"yoast_head":"<!-- This site is optimized with the Yoast SEO plugin v27.6 - https:\/\/yoast.com\/product\/yoast-seo-wordpress\/ -->\n<title>MENUS GRUPOS - Tarantana<\/title>\n<meta name=\"robots\" content=\"index, follow, max-snippet:-1, max-image-preview:large, max-video-preview:-1\" \/>\n<link rel=\"canonical\" href=\"https:\/\/www.tarantana.com\/es\/grups\/\" \/>\n<meta property=\"og:locale\" content=\"es_ES\" \/>\n<meta property=\"og:type\" content=\"article\" \/>\n<meta property=\"og:title\" content=\"MENUS GRUPOS - Tarantana\" \/>\n<meta property=\"og:description\" content=\"MENUS DE GRUPOS MENUS DISPONIBLES PARA LA MESA CUMPLIDA A PARTIR DE 8 COMENSALES. HAY QUE ESCOGER LOS PLATOS CON DOS D\u00cdAS DE ANTELACI\u00d3N. MENU 1 MENU 2 MENU 3 CARTA DE TARTAS En caso de llevar pastel se cobrar\u00e1 1,5\u20ac extra para cada comensal y deber\u00e1 firmarse el documento que exime al restaurante de [&hellip;]\" \/>\n<meta property=\"og:url\" content=\"https:\/\/www.tarantana.com\/es\/grups\/\" \/>\n<meta property=\"og:site_name\" content=\"Tarantana\" \/>\n<meta property=\"article:modified_time\" content=\"2026-01-21T12:57:17+00:00\" \/>\n<meta property=\"og:image\" content=\"https:\/\/www.tarantana.com\/wp-content\/uploads\/2019\/11\/foto-plats-malaxica.jpg\" \/>\n<meta name=\"twitter:card\" content=\"summary_large_image\" \/>\n<meta name=\"twitter:label1\" content=\"Tiempo de lectura\" \/>\n\t<meta name=\"twitter:data1\" content=\"1 minuto\" \/>\n<script type=\"application\/ld+json\" class=\"yoast-schema-graph\">{\"@context\":\"https:\\\/\\\/schema.org\",\"@graph\":[{\"@type\":\"WebPage\",\"@id\":\"https:\\\/\\\/www.tarantana.com\\\/es\\\/grups\\\/\",\"url\":\"https:\\\/\\\/www.tarantana.com\\\/es\\\/grups\\\/\",\"name\":\"MENUS GRUPOS - Tarantana\",\"isPartOf\":{\"@id\":\"https:\\\/\\\/www.tarantana.com\\\/#website\"},\"primaryImageOfPage\":{\"@id\":\"https:\\\/\\\/www.tarantana.com\\\/es\\\/grups\\\/#primaryimage\"},\"image\":{\"@id\":\"https:\\\/\\\/www.tarantana.com\\\/es\\\/grups\\\/#primaryimage\"},\"thumbnailUrl\":\"https:\\\/\\\/www.tarantana.com\\\/wp-content\\\/uploads\\\/2019\\\/11\\\/foto-plats-malaxica.jpg\",\"datePublished\":\"2019-11-12T15:36:43+00:00\",\"dateModified\":\"2026-01-21T12:57:17+00:00\",\"breadcrumb\":{\"@id\":\"https:\\\/\\\/www.tarantana.com\\\/es\\\/grups\\\/#breadcrumb\"},\"inLanguage\":\"es\",\"potentialAction\":[{\"@type\":\"ReadAction\",\"target\":[\"https:\\\/\\\/www.tarantana.com\\\/es\\\/grups\\\/\"]}]},{\"@type\":\"ImageObject\",\"inLanguage\":\"es\",\"@id\":\"https:\\\/\\\/www.tarantana.com\\\/es\\\/grups\\\/#primaryimage\",\"url\":\"https:\\\/\\\/www.tarantana.com\\\/wp-content\\\/uploads\\\/2019\\\/11\\\/foto-plats-malaxica.jpg\",\"contentUrl\":\"https:\\\/\\\/www.tarantana.com\\\/wp-content\\\/uploads\\\/2019\\\/11\\\/foto-plats-malaxica.jpg\"},{\"@type\":\"BreadcrumbList\",\"@id\":\"https:\\\/\\\/www.tarantana.com\\\/es\\\/grups\\\/#breadcrumb\",\"itemListElement\":[{\"@type\":\"ListItem\",\"position\":1,\"name\":\"Home\",\"item\":\"http:\\\/\\\/www.tarantana.com\\\/es\\\/\"},{\"@type\":\"ListItem\",\"position\":2,\"name\":\"MENUS GRUPOS\"}]},{\"@type\":\"WebSite\",\"@id\":\"https:\\\/\\\/www.tarantana.com\\\/#website\",\"url\":\"https:\\\/\\\/www.tarantana.com\\\/\",\"name\":\"Tarantana\",\"description\":\"Tarantana sitges\",\"publisher\":{\"@id\":\"https:\\\/\\\/www.tarantana.com\\\/#organization\"},\"potentialAction\":[{\"@type\":\"SearchAction\",\"target\":{\"@type\":\"EntryPoint\",\"urlTemplate\":\"https:\\\/\\\/www.tarantana.com\\\/?s={search_term_string}\"},\"query-input\":{\"@type\":\"PropertyValueSpecification\",\"valueRequired\":true,\"valueName\":\"search_term_string\"}}],\"inLanguage\":\"es\"},{\"@type\":\"Organization\",\"@id\":\"https:\\\/\\\/www.tarantana.com\\\/#organization\",\"name\":\"Tarantana\",\"url\":\"https:\\\/\\\/www.tarantana.com\\\/\",\"logo\":{\"@type\":\"ImageObject\",\"inLanguage\":\"es\",\"@id\":\"https:\\\/\\\/www.tarantana.com\\\/#\\\/schema\\\/logo\\\/image\\\/\",\"url\":\"https:\\\/\\\/www.tarantana.com\\\/wp-content\\\/uploads\\\/2020\\\/02\\\/tarantana-blanc.png\",\"contentUrl\":\"https:\\\/\\\/www.tarantana.com\\\/wp-content\\\/uploads\\\/2020\\\/02\\\/tarantana-blanc.png\",\"width\":999,\"height\":741,\"caption\":\"Tarantana\"},\"image\":{\"@id\":\"https:\\\/\\\/www.tarantana.com\\\/#\\\/schema\\\/logo\\\/image\\\/\"}}]}<\/script>\n<!-- \/ Yoast SEO plugin. -->","yoast_head_json":{"title":"MENUS GRUPOS - Tarantana","robots":{"index":"index","follow":"follow","max-snippet":"max-snippet:-1","max-image-preview":"max-image-preview:large","max-video-preview":"max-video-preview:-1"},"canonical":"https:\/\/www.tarantana.com\/es\/grups\/","og_locale":"es_ES","og_type":"article","og_title":"MENUS GRUPOS - Tarantana","og_description":"MENUS DE GRUPOS MENUS DISPONIBLES PARA LA MESA CUMPLIDA A PARTIR DE 8 COMENSALES. HAY QUE ESCOGER LOS PLATOS CON DOS D\u00cdAS DE ANTELACI\u00d3N. MENU 1 MENU 2 MENU 3 CARTA DE TARTAS En caso de llevar pastel se cobrar\u00e1 1,5\u20ac extra para cada comensal y deber\u00e1 firmarse el documento que exime al restaurante de [&hellip;]","og_url":"https:\/\/www.tarantana.com\/es\/grups\/","og_site_name":"Tarantana","article_modified_time":"2026-01-21T12:57:17+00:00","og_image":[{"url":"https:\/\/www.tarantana.com\/wp-content\/uploads\/2019\/11\/foto-plats-malaxica.jpg","type":"","width":"","height":""}],"twitter_card":"summary_large_image","twitter_misc":{"Tiempo de lectura":"1 minuto"},"schema":{"@context":"https:\/\/schema.org","@graph":[{"@type":"WebPage","@id":"https:\/\/www.tarantana.com\/es\/grups\/","url":"https:\/\/www.tarantana.com\/es\/grups\/","name":"MENUS GRUPOS - Tarantana","isPartOf":{"@id":"https:\/\/www.tarantana.com\/#website"},"primaryImageOfPage":{"@id":"https:\/\/www.tarantana.com\/es\/grups\/#primaryimage"},"image":{"@id":"https:\/\/www.tarantana.com\/es\/grups\/#primaryimage"},"thumbnailUrl":"https:\/\/www.tarantana.com\/wp-content\/uploads\/2019\/11\/foto-plats-malaxica.jpg","datePublished":"2019-11-12T15:36:43+00:00","dateModified":"2026-01-21T12:57:17+00:00","breadcrumb":{"@id":"https:\/\/www.tarantana.com\/es\/grups\/#breadcrumb"},"inLanguage":"es","potentialAction":[{"@type":"ReadAction","target":["https:\/\/www.tarantana.com\/es\/grups\/"]}]},{"@type":"ImageObject","inLanguage":"es","@id":"https:\/\/www.tarantana.com\/es\/grups\/#primaryimage","url":"https:\/\/www.tarantana.com\/wp-content\/uploads\/2019\/11\/foto-plats-malaxica.jpg","contentUrl":"https:\/\/www.tarantana.com\/wp-content\/uploads\/2019\/11\/foto-plats-malaxica.jpg"},{"@type":"BreadcrumbList","@id":"https:\/\/www.tarantana.com\/es\/grups\/#breadcrumb","itemListElement":[{"@type":"ListItem","position":1,"name":"Home","item":"http:\/\/www.tarantana.com\/es\/"},{"@type":"ListItem","position":2,"name":"MENUS GRUPOS"}]},{"@type":"WebSite","@id":"https:\/\/www.tarantana.com\/#website","url":"https:\/\/www.tarantana.com\/","name":"Tarantana","description":"Tarantana sitges","publisher":{"@id":"https:\/\/www.tarantana.com\/#organization"},"potentialAction":[{"@type":"SearchAction","target":{"@type":"EntryPoint","urlTemplate":"https:\/\/www.tarantana.com\/?s={search_term_string}"},"query-input":{"@type":"PropertyValueSpecification","valueRequired":true,"valueName":"search_term_string"}}],"inLanguage":"es"},{"@type":"Organization","@id":"https:\/\/www.tarantana.com\/#organization","name":"Tarantana","url":"https:\/\/www.tarantana.com\/","logo":{"@type":"ImageObject","inLanguage":"es","@id":"https:\/\/www.tarantana.com\/#\/schema\/logo\/image\/","url":"https:\/\/www.tarantana.com\/wp-content\/uploads\/2020\/02\/tarantana-blanc.png","contentUrl":"https:\/\/www.tarantana.com\/wp-content\/uploads\/2020\/02\/tarantana-blanc.png","width":999,"height":741,"caption":"Tarantana"},"image":{"@id":"https:\/\/www.tarantana.com\/#\/schema\/logo\/image\/"}}]}},"_links":{"self":[{"href":"https:\/\/www.tarantana.com\/es\/wp-json\/wp\/v2\/pages\/1696","targetHints":{"allow":["GET"]}}],"collection":[{"href":"https:\/\/www.tarantana.com\/es\/wp-json\/wp\/v2\/pages"}],"about":[{"href":"https:\/\/www.tarantana.com\/es\/wp-json\/wp\/v2\/types\/page"}],"author":[{"embeddable":true,"href":"https:\/\/www.tarantana.com\/es\/wp-json\/wp\/v2\/users\/2"}],"replies":[{"embeddable":true,"href":"https:\/\/www.tarantana.com\/es\/wp-json\/wp\/v2\/comments?post=1696"}],"version-history":[{"count":3,"href":"https:\/\/www.tarantana.com\/es\/wp-json\/wp\/v2\/pages\/1696\/revisions"}],"predecessor-version":[{"id":5659,"href":"https:\/\/www.tarantana.com\/es\/wp-json\/wp\/v2\/pages\/1696\/revisions\/5659"}],"wp:attachment":[{"href":"https:\/\/www.tarantana.com\/es\/wp-json\/wp\/v2\/media?parent=1696"}],"curies":[{"name":"wp","href":"https:\/\/api.w.org\/{rel}","templated":true}]}}